{"id":5,"date":"2019-09-17T15:57:04","date_gmt":"2019-09-17T13:57:04","guid":{"rendered":"http:\/\/www.compiler-solutions.de\/?page_id=5"},"modified":"2019-09-18T10:19:47","modified_gmt":"2019-09-18T08:19:47","slug":"home","status":"publish","type":"page","link":"https:\/\/www.compiler-solutions.de\/","title":{"rendered":"Home"},"content":{"rendered":"\t\t<div data-elementor-type=\"wp-post\" data-elementor-id=\"5\" class=\"elementor elementor-5\">\n\t\t\t\t\t\t<div class=\"elementor-inner\">\n\t\t\t\t<div class=\"elementor-section-wrap\">\n\t\t\t\t\t\t\t\t\t<section class=\"elementor-section elementor-top-section elementor-element elementor-element-20beaaa elementor-section-boxed elementor-section-height-default elementor-section-height-default\" data-id=\"20beaaa\" data-element_type=\"section\">\n\t\t\t\t\t\t<div class=\"elementor-container elementor-column-gap-default\">\n\t\t\t\t\t\t\t<div class=\"elementor-row\">\n\t\t\t\t\t<div class=\"elementor-column elementor-col-100 elementor-top-column elementor-element elementor-element-32dfccf\" data-id=\"32dfccf\" data-element_type=\"column\">\n\t\t\t<div class=\"elementor-column-wrap elementor-element-populated\">\n\t\t\t\t\t\t\t<div class=\"elementor-widget-wrap\">\n\t\t\t\t\t\t<div class=\"elementor-element elementor-element-5d1d789 elementor-widget elementor-widget-text-editor\" data-id=\"5d1d789\" data-element_type=\"widget\" data-widget_type=\"text-editor.default\">\n\t\t\t\t<div class=\"elementor-widget-container\">\n\t\t\t\t\t\t\t\t<div class=\"elementor-text-editor elementor-clearfix\">\n\t\t\t\t<p>Die DPS-West GmbH hat fr\u00fchzeitig in EDM\/PDM Know-how investiert und eine kompetente Beratung in diesem Bereich aufgebaut. Ziel dieser Strategie ist es, CAD-unabh\u00e4gige EDM\/PDM Produkte und die dazu geh\u00f6rige Beratung anbieten zu k\u00f6nnen, um EDM\/PDM L\u00f6sungen als firmenweite Anforderungen zu verstehen.<\/p><p>Nach Ansicht von DPS-West d\u00fcrfen die konstruktionsnahen EDM\/PDM-Systeme nicht nur die Konstruktionsabteilungen ber\u00fccksichtigen, sondern m\u00fcssen als firmenweite L\u00f6sungen verstanden werden.<\/p><p>Die Produkte von COMPASS haben Schnittstellen zu vielen CAD-Systemen und bieten nahtlose Integration in f\u00fchrende Enterprise Anwendungen. Synchronisationen von EDM und PPS-Systemen runden das Know-how der DPS-West GmbH ab.<\/p><p>Die Schwerpunkte der DPS-West GmbH:<\/p><p>Beratung und Einf\u00fchrung von EDM\/PDM &#8211; L\u00f6sungen in heterogenen CAD-Umgebungen.<br \/>Synchronisation von EDM und PPS &#8211; Systemen<br \/>Ihr DPS West Team<\/p>\t\t\t\t\t<\/div>\n\t\t\t\t\t\t<\/div>\n\t\t\t\t<\/div>\n\t\t\t\t\t\t<\/div>\n\t\t\t\t\t<\/div>\n\t\t<\/div>\n\t\t\t\t\t\t\t\t<\/div>\n\t\t\t\t\t<\/div>\n\t\t<\/section>\n\t\t\t\t\t\t\t\t\t<\/div>\n\t\t\t<\/div>\n\t\t\t\t\t<\/div>\n\t\t","protected":false},"excerpt":{"rendered":"<p>Die DPS-West GmbH hat fr\u00fchzeitig in EDM\/PDM Know-how investiert und eine kompetente Beratung in diesem <a href=\"https:\/\/www.compiler-solutions.de\/\">Read more<\/a><\/p>\n","protected":false},"author":1,"featured_media":0,"parent":0,"menu_order":0,"comment_status":"closed","ping_status":"closed","template":"","meta":[],"_links":{"self":[{"href":"https:\/\/www.compiler-solutions.de\/index.php\/wp-json\/wp\/v2\/pages\/5"}],"collection":[{"href":"https:\/\/www.compiler-solutions.de\/index.php\/wp-json\/wp\/v2\/pages"}],"about":[{"href":"https:\/\/www.compiler-solutions.de\/index.php\/wp-json\/wp\/v2\/types\/page"}],"author":[{"embeddable":true,"href":"https:\/\/www.compiler-solutions.de\/index.php\/wp-json\/wp\/v2\/users\/1"}],"replies":[{"embeddable":true,"href":"https:\/\/www.compiler-solutions.de\/index.php\/wp-json\/wp\/v2\/comments?post=5"}],"version-history":[{"count":4,"href":"https:\/\/www.compiler-solutions.de\/index.php\/wp-json\/wp\/v2\/pages\/5\/revisions"}],"predecessor-version":[{"id":43,"href":"https:\/\/www.compiler-solutions.de\/index.php\/wp-json\/wp\/v2\/pages\/5\/revisions\/43"}],"wp:attachment":[{"href":"https:\/\/www.compiler-solutions.de\/index.php\/wp-json\/wp\/v2\/media?parent=5"}],"curies":[{"name":"wp","href":"https:\/\/api.w.org\/{rel}","templated":true}]}}