{"id":52,"date":"2019-09-18T10:29:23","date_gmt":"2019-09-18T08:29:23","guid":{"rendered":"http:\/\/www.compiler-solutions.de\/?page_id=52"},"modified":"2019-09-18T10:30:04","modified_gmt":"2019-09-18T08:30:04","slug":"dienstleistungen","status":"publish","type":"page","link":"https:\/\/www.compiler-solutions.de\/index.php\/dienstleistungen\/","title":{"rendered":"Dienstleistungen"},"content":{"rendered":"\t\t<div data-elementor-type=\"wp-page\" data-elementor-id=\"52\" class=\"elementor elementor-52\">\n\t\t\t\t\t\t<div class=\"elementor-inner\">\n\t\t\t\t<div class=\"elementor-section-wrap\">\n\t\t\t\t\t\t\t\t\t<section class=\"elementor-section elementor-top-section elementor-element elementor-element-3e22aa4 elementor-section-boxed elementor-section-height-default elementor-section-height-default\" data-id=\"3e22aa4\" data-element_type=\"section\">\n\t\t\t\t\t\t<div class=\"elementor-container elementor-column-gap-default\">\n\t\t\t\t\t\t\t<div class=\"elementor-row\">\n\t\t\t\t\t<div class=\"elementor-column elementor-col-100 elementor-top-column elementor-element elementor-element-68717a4\" data-id=\"68717a4\" data-element_type=\"column\">\n\t\t\t<div class=\"elementor-column-wrap elementor-element-populated\">\n\t\t\t\t\t\t\t<div class=\"elementor-widget-wrap\">\n\t\t\t\t\t\t<div class=\"elementor-element elementor-element-9ed9cf9 elementor-widget elementor-widget-text-editor\" data-id=\"9ed9cf9\" data-element_type=\"widget\" data-widget_type=\"text-editor.default\">\n\t\t\t\t<div class=\"elementor-widget-container\">\n\t\t\t\t\t\t\t\t<div class=\"elementor-text-editor elementor-clearfix\">\n\t\t\t\t<p>DPS-West Dienstleistungen<\/p><p>Die DPS-West GmbH bietet ein umfangreiches Dienstleistungsangebot, das die Einf\u00fchrung der vom Kunden erworbenen Softwarel\u00f6sungen in kurzer Zeit<br \/>gew\u00e4hrleistet sowie die produktive Nutzung langfristig sicherstellt. Dazu<br \/>geh\u00f6ren:<\/p><p>1. Einf\u00fchrungskonzeption:<br \/>Ausgerichtet an der Zielsetzung des Kunden, wird eine sinnvolle Strategie<br \/>zur Einf\u00fchrung der Softwarel\u00f6sungen festgelegt.<\/p><p>2. Integration in bestehende Prozesse:<br \/>DPS-West ist in der Lage, neue Softwarel\u00f6sungen in bestehende Betriebsabl\u00e4ufe zu integrieren. Die DPS-West Softwareentwicklung realisiert Projekte auf Basis der<br \/>SmarTeam Programmierschnittstellen, der COMPASS Programmierschnittstellen sowie auf Basis eigener Synchronisationen.<\/p><p>3. Schulungen:<br \/>DPS-West bietet Schulungen f\u00fcr SmarTeam und COMPASS an, um Ihnen und Ihren Mitarbeitern einen einfachen Start zu erm\u00f6glichen. Selbstverst\u00e4ndlich trainieren wir Sie auch in Ihrem Unternehmen.<\/p><p>4. Workshops<br \/>Zur Verbesserung der Produktivit\u00e4t von Anwendern unserer Softwarel\u00f6sungen werden regelm\u00e4\u00dfig Workshops mit unterschiedlichen Schwerpunktthemen angeboten.<\/p><p>5. Technischer Support<br \/>Das DPS- West Support Team unterst\u00fctzt Sie, wenn Sie bei der Erledigung Ihrer Aufgaben nicht mehr weiter kommen. Senden Sie uns eine e-mail mit Ihrer Aufgabenstellung oder sprechen Sie uns telefonisch an.<\/p>\t\t\t\t\t<\/div>\n\t\t\t\t\t\t<\/div>\n\t\t\t\t<\/div>\n\t\t\t\t\t\t<\/div>\n\t\t\t\t\t<\/div>\n\t\t<\/div>\n\t\t\t\t\t\t\t\t<\/div>\n\t\t\t\t\t<\/div>\n\t\t<\/section>\n\t\t\t\t\t\t\t\t\t<\/div>\n\t\t\t<\/div>\n\t\t\t\t\t<\/div>\n\t\t","protected":false},"excerpt":{"rendered":"<p>DPS-West Dienstleistungen Die DPS-West GmbH bietet ein umfangreiches Dienstleistungsangebot, das die Einf\u00fchrung der vom Kunden <a href=\"https:\/\/www.compiler-solutions.de\/index.php\/dienstleistungen\/\">Read more<\/a><\/p>\n","protected":false},"author":1,"featured_media":0,"parent":0,"menu_order":0,"comment_status":"closed","ping_status":"closed","template":"","meta":[],"_links":{"self":[{"href":"https:\/\/www.compiler-solutions.de\/index.php\/wp-json\/wp\/v2\/pages\/52"}],"collection":[{"href":"https:\/\/www.compiler-solutions.de\/index.php\/wp-json\/wp\/v2\/pages"}],"about":[{"href":"https:\/\/www.compiler-solutions.de\/index.php\/wp-json\/wp\/v2\/types\/page"}],"author":[{"embeddable":true,"href":"https:\/\/www.compiler-solutions.de\/index.php\/wp-json\/wp\/v2\/users\/1"}],"replies":[{"embeddable":true,"href":"https:\/\/www.compiler-solutions.de\/index.php\/wp-json\/wp\/v2\/comments?post=52"}],"version-history":[{"count":2,"href":"https:\/\/www.compiler-solutions.de\/index.php\/wp-json\/wp\/v2\/pages\/52\/revisions"}],"predecessor-version":[{"id":54,"href":"https:\/\/www.compiler-solutions.de\/index.php\/wp-json\/wp\/v2\/pages\/52\/revisions\/54"}],"wp:attachment":[{"href":"https:\/\/www.compiler-solutions.de\/index.php\/wp-json\/wp\/v2\/media?parent=52"}],"curies":[{"name":"wp","href":"https:\/\/api.w.org\/{rel}","templated":true}]}}