{"id":56,"date":"2019-09-18T10:34:15","date_gmt":"2019-09-18T08:34:15","guid":{"rendered":"http:\/\/www.compiler-solutions.de\/?page_id=56"},"modified":"2019-10-31T14:19:47","modified_gmt":"2019-10-31T13:19:47","slug":"impressum","status":"publish","type":"page","link":"https:\/\/www.compiler-solutions.de\/index.php\/impressum\/","title":{"rendered":"Impressum"},"content":{"rendered":"<p>DPS-West<\/p>\n<table id=\"AutoNumber1\" border=\"0\" width=\"768\" cellspacing=\"0\" cellpadding=\"0\">\n<tbody>\n<tr>\n<td valign=\"top\" width=\"100%\" height=\"99%\">\n<table id=\"AutoNumber4\" border=\"0\" width=\"100%\" cellspacing=\"0\" cellpadding=\"0\">\n<tbody>\n<tr>\n<td valign=\"top\" width=\"590\">\n<div align=\"center\"><center><\/p>\n<table id=\"AutoNumber6\" border=\"0\" width=\"96%\" cellspacing=\"0\" cellpadding=\"0\">\n<tbody>\n<tr>\n<td width=\"100%\">\n<table border=\"0\" width=\"100%\" cellspacing=\"0\" cellpadding=\"3\">\n<tbody>\n<tr align=\"middle\" valign=\"center\">\n<td bgcolor=\"#e5e5e5\" height=\"18\">\n<p align=\"left\"><strong><span class=\"subtitle\"><b>Verantwortlich f\u00fcr den Text \/ Inhalt der Website gem\u00e4\u00df \u00a76 Teledienstegesetz (TDG):<\/b><\/span><\/strong><\/p>\n<\/td>\n<\/tr>\n<tr align=\"left\" valign=\"top\">\n<td><span class=\"style1\">Sitz der Gesellschaft:<\/span><br \/>\nSMB GmbH<br \/>\nKortumstrasse 41<br \/>\n44787 Bochum<br \/>\nTel.: +49 (234) 516992-0<br \/>\nFax: +49 (234) 516992-29<br \/>\n<a href=\"mailto:Thomas.Horn@SMB-Net.de\">Thomas.Horn@SMB-Net.de<\/a><\/p>\n<p><span class=\"style1\">Gesch\u00e4ftsf\u00fchrer:<\/span><br \/>\nDr. Thomas Horn<\/p>\n<p><span class=\"style1\">Registergericht<\/span><br \/>\nAmtsgericht Bochum<\/p>\n<p><span class=\"style1\">Handelsregisternummer<\/span><br \/>\nHRB 7175<\/p>\n<p><span class=\"style1\">Umsatzsteueridentifikationsnummer:<\/span><br \/>\nDE187319672<\/p>\n<p>&nbsp;<\/td>\n<\/tr>\n<\/tbody>\n<\/table>\n<table border=\"0\" width=\"100%\" cellspacing=\"0\" cellpadding=\"3\">\n<tbody>\n<tr align=\"middle\" valign=\"center\">\n<td bgcolor=\"#e5e5e5\" height=\"19\">\n<p align=\"left\"><span class=\"subtitle\"><b>Haftungsausschluss<\/b><\/span><\/p>\n<\/td>\n<\/tr>\n<tr align=\"left\" valign=\"top\">\n<td><b><br \/>\n1. Inhalt des Onlineangebotes<\/b><\/p>\n<p>Die SMB GmbH \u00fcbernimmt keinerlei Gew\u00e4hr f\u00fcr die Aktualit\u00e4t, Korrektheit, Vollst\u00e4ndigkeit oder Qualit\u00e4t der bereitgestellten Informationen. Haftungsanspr\u00fcche gegen Die SMB GmbH, welche sich auf Sch\u00e4den materieller oder ideeller Art beziehen, die durch die Nutzung oder Nichtnutzung der dargebotenen Informationen bzw. durch die Nutzung fehlerhafter und unvollst\u00e4ndiger Informationen verursacht wurden sind grunds\u00e4tzlich ausgeschlossen, sofern seitens der SMB GmbH kein nachweislich vors\u00e4tzliches oder grob fahrl\u00e4ssiges Verschulden vorliegt. Alle Angebote sind freibleibend und unverbindlich. Die SMB GmbH beh\u00e4lt es sich ausdr\u00fccklich vor, Teile der Seiten oder das gesamte Angebot ohne gesonderte Ank\u00fcndigung zu ver\u00e4ndern, zu erg\u00e4nzen, zu l\u00f6schen oder die Ver\u00f6ffentlichung zeitweise oder endg\u00fcltig einzustellen.<\/p>\n<p><b>2. Verweise und Links<\/b><\/p>\n<p>Bei direkten oder indirekten Verweisen auf fremde Internetseiten (&#8220;Links&#8221;), die au\u00dferhalb des Verantwortungsbereiches der SMB GmbH liegen, w\u00fcrde eine Haftungsverpflichtung ausschlie\u00dflich in dem Fall in Kraft treten, in dem die SMB GmbH von den Inhalten Kenntnis hat und es ihm technisch m\u00f6glich und zumutbar w\u00e4re, die Nutzung im Falle rechtswidriger Inhalte zu verhindern. Die SMB GmbH erkl\u00e4rt daher ausdr\u00fccklich, dass zum Zeitpunkt der Linksetzung die entsprechenden verlinkten Seiten frei von illegalen Inhalten waren. Die SMB GmbH hat keinerlei Einfluss auf die aktuelle und zuk\u00fcnftige Gestaltung und auf die Inhalte der gelinkten\/verkn\u00fcpften Seiten. Deshalb distanziert er sich hiermit ausdr\u00fccklich von allen Inhalten aller gelinkten \/verkn\u00fcpften Seiten, die nach der Linksetzung ver\u00e4ndert wurden. Diese Feststellung gilt f\u00fcr alle innerhalb des eigenen Internetangebotes gesetzten Links und Verweise sowie f\u00fcr Fremdeintr\u00e4ge in von der SMB GmbH eingerichteten G\u00e4steb\u00fcchern, Diskussionsforen und Mailinglisten. F\u00fcr illegale, fehlerhafte oder unvollst\u00e4ndige Inhalte und insbesondere f\u00fcr Sch\u00e4den, die aus der Nutzung oder Nichtnutzung solcherart dargebotener Informationen entstehen, haftet allein der Anbieter der Seite, auf welche verwiesen wurde, nicht derjenige, der \u00fcber Links auf die jeweilige Ver\u00f6ffentlichung lediglich verweist.<\/p>\n<p><b>3. Urheber- und Kennzeichenrecht<\/b><\/p>\n<p>Die SMB GmbH ist bestrebt, in allen Publikationen die Urheberrechte der verwendeten Grafiken, Tondokumente, Videosequenzen und Texte zu beachten, von ihm selbst erstellte Grafiken, Tondokumente, Videosequenzen und Texte zu nutzen oder auf lizenzfreie Grafiken, Tondokumente, Videosequenzen und Texte zur\u00fcckzugreifen. Alle innerhalb des Internetangebotes genannten und ggf. durch Dritte gesch\u00fctzten Marken- und Warenzeichen unterliegen uneingeschr\u00e4nkt den Bestimmungen des jeweils g\u00fcltigen Kennzeichenrechts und den Besitzrechten der jeweiligen eingetragenen Eigent\u00fcmer. Allein aufgrund der blo\u00dfen Nennung ist nicht der Schluss zu ziehen, dass Markenzeichen nicht durch Rechte Dritter gesch\u00fctzt sind! Das Copyright f\u00fcr ver\u00f6ffentlichte, von der SMB GmbH selbst erstellten Objekte bleibt allein beim Autor der Seiten. Eine Vervielf\u00e4ltigung oder Verwendung solcher Grafiken, Tondokumente, Videosequenzen und Texte in anderen elektronischen oder gedruckten Publikationen ist ohne ausdr\u00fcckliche Zustimmung der SMB GmbH nicht gestattet.<\/p>\n<p><b>4. Datenschutz<\/b><\/p>\n<p>Sofern innerhalb des Internetangebotes die M\u00f6glichkeit zur Eingabe pers\u00f6nlicher oder gesch\u00e4ftlicher Daten (Emailadressen, Namen, Anschriften) besteht, so erfolgt die Preisgabe dieser Daten seitens des Nutzers auf ausdr\u00fccklich freiwilliger Basis. Die Inanspruchnahme und Bezahlung aller angebotenen Dienste ist &#8211; soweit technisch m\u00f6glich und zumutbar &#8211; auch ohne Angabe solcher Daten bzw. unter Angabe anonymisierter Daten oder eines Pseudonyms gestattet.<\/p>\n<p><b>5. Rechtswirksamkeit dieses Haftungsausschlusses<\/b><\/p>\n<p>Dieser Haftungsausschluss ist als Teil des Internetangebotes zu betrachten, von dem aus auf diese Seite verwiesen wurde. Sofern Teile oder einzelne Formulierungen dieses Textes der geltenden Rechtslage nicht, nicht mehr oder nicht vollst\u00e4ndig entsprechen sollten, bleiben die \u00fcbrigen Teile des Dokumentes in ihrem Inhalt und ihrer G\u00fcltigkeit davon unber\u00fchrt.<\/td>\n<\/tr>\n<\/tbody>\n<\/table>\n<table border=\"0\" width=\"100%\" cellspacing=\"0\" cellpadding=\"3\">\n<tbody>\n<tr align=\"middle\" valign=\"center\">\n<td bgcolor=\"#e5e5e5\" height=\"19\">\n<p align=\"left\"><span class=\"subtitle\"><b>Disclaimer<\/b><\/span><\/p>\n<\/td>\n<\/tr>\n<tr align=\"left\" valign=\"top\">\n<td>\n<b><span lang=\"EN-GB\">1. Online-contents<\/span><\/b><\/p>\n<p><span lang=\"EN-GB\">SMB GmbH reserves the right not to be responsible for the topicality, correctness, completeness or quality of the information provided. Liability claims regarding damage caused by the use of any information provided, including any kind of information which is incomplete or incorrect, will therefore be rejected. All offers are not-binding and without obligation. Parts of the pages or the complete publication including all offers and information might be extended, changed or partly or completely deleted by SMB GmbH without separate announcement.<\/span><\/p>\n<p><b><span lang=\"EN-GB\">2. Referrals and links<\/span><\/b><\/p>\n<p><span lang=\"EN-GB\">SMB GmbH is not responsible for any contents linked or referred to from his pages &#8211; unless he has full knowlegde of illegal contents and would be able to prevent the visitors of his site from viewing those pages. If any damage occurs by the use of information presented there, only SMB GmbH of the respective pages might be liable, not the one who has linked to these pages. Furthermore SMB GmbH is not liable for any postings or messages published by users of discussion boards, guestbooks or mailinglists provided on his page.<\/span><\/p>\n<p><b><span lang=\"EN-GB\">3. Copyright<\/span><\/b><\/p>\n<p><span lang=\"EN-GB\">SMB GmbH intended not to use any copyrighted material for the publication or, if not possible, to indicate the copyright of the respective object. The copyright for any material created by SMB GmbH is reserved. Any duplication or use of such diagrams, sounds or texts in other electronic or printed publications is not permitted without SMB GmbH&#8217;s agreement.<\/span><\/p>\n<p><b><span lang=\"EN-GB\">4. Data security<\/span><\/b><\/p>\n<p><span lang=\"EN-GB\">If the possibility for the input of personal or business data (email addresses, name, addresses) exists, the input of these data takes place voluntarily. The use and payment of all offered services are permitted &#8211; if and so far technically possible and reasonable &#8211; without specification of such data or under specification of anonymizated data or an alias.<\/span><\/p>\n<p><b><span lang=\"EN-GB\">5. Legal force of this disclaimer<\/span><\/b><\/p>\n<p><span lang=\"EN-GB\">This disclaimer is to be regarded as part of the internet publication which you were referred from. If sections or individual formulations of this text are not legal or correct, the content or validity of the other parts remain uninfluenced by this fact.<\/span><\/td>\n<\/tr>\n<\/tbody>\n<\/table>\n<\/td>\n<\/tr>\n<\/tbody>\n<\/table>\n<p><\/center><\/div>\n<\/td>\n<\/tr>\n<\/tbody>\n<\/table>\n<\/td>\n<\/tr>\n<tr>\n<td valign=\"bottom\" width=\"100%\" height=\"1%\">\n<table id=\"AutoNumber9\" border=\"0\" width=\"100%\" cellspacing=\"0\" cellpadding=\"0\">\n<tbody>\n<tr>\n<td align=\"left\" width=\"100%\"><img decoding=\"async\" loading=\"lazy\" src=\"http:\/\/www.smb-net.de\/ortogo\/projects\/smbnet\/media\/verlauf_u.gif\" width=\"179\" height=\"21\" border=\"0\" \/><\/td>\n<\/tr>\n<\/tbody>\n<\/table>\n<\/td>\n<\/tr>\n<\/tbody>\n<\/table>\n","protected":false},"excerpt":{"rendered":"<p>DPS-West Verantwortlich f\u00fcr den Text \/ Inhalt der Website gem\u00e4\u00df \u00a76 Teledienstegesetz (TDG): Sitz der <a href=\"https:\/\/www.compiler-solutions.de\/index.php\/impressum\/\">Read more<\/a><\/p>\n","protected":false},"author":1,"featured_media":0,"parent":0,"menu_order":0,"comment_status":"closed","ping_status":"closed","template":"","meta":[],"_links":{"self":[{"href":"https:\/\/www.compiler-solutions.de\/index.php\/wp-json\/wp\/v2\/pages\/56"}],"collection":[{"href":"https:\/\/www.compiler-solutions.de\/index.php\/wp-json\/wp\/v2\/pages"}],"about":[{"href":"https:\/\/www.compiler-solutions.de\/index.php\/wp-json\/wp\/v2\/types\/page"}],"author":[{"embeddable":true,"href":"https:\/\/www.compiler-solutions.de\/index.php\/wp-json\/wp\/v2\/users\/1"}],"replies":[{"embeddable":true,"href":"https:\/\/www.compiler-solutions.de\/index.php\/wp-json\/wp\/v2\/comments?post=56"}],"version-history":[{"count":2,"href":"https:\/\/www.compiler-solutions.de\/index.php\/wp-json\/wp\/v2\/pages\/56\/revisions"}],"predecessor-version":[{"id":160,"href":"https:\/\/www.compiler-solutions.de\/index.php\/wp-json\/wp\/v2\/pages\/56\/revisions\/160"}],"wp:attachment":[{"href":"https:\/\/www.compiler-solutions.de\/index.php\/wp-json\/wp\/v2\/media?parent=56"}],"curies":[{"name":"wp","href":"https:\/\/api.w.org\/{rel}","templated":true}]}}